{"id":69,"date":"2019-01-17T20:19:49","date_gmt":"2019-01-17T19:19:49","guid":{"rendered":"https:\/\/gragnotes.wordpress.com\/?page_id=69"},"modified":"2025-12-05T10:15:07","modified_gmt":"2025-12-05T09:15:07","slug":"le-domaine","status":"publish","type":"page","link":"https:\/\/lesgragnotes.com\/index.php\/le-domaine\/","title":{"rendered":"Le domaine"},"content":{"rendered":"\n<h3 class=\"wp-block-heading\">Les vignerons <\/h3>\n\n\n<p><img loading=\"lazy\" decoding=\"async\" class=\"alignnone  wp-image-268\" src=\"https:\/\/gragnotes.files.wordpress.com\/2019\/05\/sans-titre.jpg\" alt=\"Sans titre\" width=\"624\" height=\"315\" \/><\/p>\n<p><strong>Erika Mazer<\/strong><\/p>\n<p><img loading=\"lazy\" decoding=\"async\" class=\"alignnone size-full wp-image-269\" src=\"https:\/\/gragnotes.files.wordpress.com\/2019\/05\/ben.jpg\" alt=\"ben\" width=\"1977\" height=\"1385\" srcset=\"https:\/\/lesgragnotes.com\/wp-content\/uploads\/2019\/05\/ben.jpg 1977w, https:\/\/lesgragnotes.com\/wp-content\/uploads\/2019\/05\/ben-350x245.jpg 350w, https:\/\/lesgragnotes.com\/wp-content\/uploads\/2019\/05\/ben-750x525.jpg 750w, https:\/\/lesgragnotes.com\/wp-content\/uploads\/2019\/05\/ben-300x210.jpg 300w, https:\/\/lesgragnotes.com\/wp-content\/uploads\/2019\/05\/ben-1024x717.jpg 1024w, https:\/\/lesgragnotes.com\/wp-content\/uploads\/2019\/05\/ben-768x538.jpg 768w, https:\/\/lesgragnotes.com\/wp-content\/uploads\/2019\/05\/ben-1536x1076.jpg 1536w, https:\/\/lesgragnotes.com\/wp-content\/uploads\/2019\/05\/ben-1200x841.jpg 1200w\" sizes=\"auto, (max-width: 1977px) 100vw, 1977px\" \/><strong>Benoit Guillot<\/strong><\/p>\n<h2 id=\"mce_1\"><strong><u>Une situation g\u00e9ographique privil\u00e9gi\u00e9e&#8230;<\/u><\/strong><\/h2>\n<p>Aux portes du massif des Corbi\u00e8res, en plein c\u0153ur de l&rsquo;Occitanie, se trouve le petit village de Paziols (11), habit\u00e9 de <em>Granh\u00f2tas<\/em> (grenouilles en occitan). C&rsquo;est dans cet \u00e9crin de lumi\u00e8re, dans la vall\u00e9e des hautes Corbi\u00e8res que nos vignes se gorgent de soleil depuis plus de cent ans.<\/p>\n<h2 style=\"text-align: justify;\"><span style=\"text-decoration: underline;\"><strong>&#8230; pour une approche saine&#8230;<\/strong><\/span><\/h2>\n<p>Les 6,5 hectares qui forment notre domaine sont pour la plupart travaill\u00e9s au chenillard. La majeure partie de nos vignes ont plus de 50 ans, quelques unes sont centenaires. Ce sont des vieux gobelets plant\u00e9s \u00e0 1.5m au carr\u00e9 qui nous obligent \u00e0 un travail manuel et des attentions particuli\u00e8res.<\/p>\n<p>Depuis la cr\u00e9ation du domaine en 2017, nous nous sommes engag\u00e9s pour d\u00e9velopper une culture biologique du vignoble. Nous souhaitons pour l\u2019avenir nous diriger vers la biodynamie pour maximiser notre respect du vivant.<\/p>\n<p>Des m\u00e9thodes \u00ab alternatives \u00bb nous permettront de limiter l\u2019utilisation d\u2019insecticides et d\u2019engrais chimiques (confusion sexuelle, enherbement des vignes\u2026). Nous n\u2019utiliserons ainsi que le meilleur de nos c\u00e9pages de Syrah, Grenache, Carignan, Lledoner, Maccabeu, Grenache gris et blanc, et de Muscat.<\/p>\n<p><!--EndFragment--><\/p>\n<h2 style=\"text-align: justify;\"><span style=\"text-decoration: underline;\"><strong>&#8230; et une vinification artisanale.<\/strong><\/span><\/h2>\n<p><!-- \/wp:post-content --><\/p>\n<p><!-- wp:paragraph --><\/p>\n<p style=\"text-align: justify;\">Un tri de la vendange strict et manuel nous permet de s\u00e9lectionner les meilleurs grains \u00e0 amener au pressoir. Aucun intrant n&rsquo;est apport\u00e9 lors de la vinification, \u00e0 l&rsquo;exception de quelques milligrammes de sulfites.<\/p>\n<p><!-- \/wp:paragraph --><\/p>\n<p><!-- wp:paragraph --><\/p>\n<p style=\"text-align: justify;\">La fermentation s&rsquo;effectue gr\u00e2ces aux levures indig\u00e8nes, sans ajout de levures \u00e9trang\u00e8res. Nos vins ne sont pas \u00ab\u00a0manipul\u00e9s\u00a0\u00bb (pas d&rsquo;osmose inverse, de flash pasteurisation, de filtrage\u2026)<\/p>","protected":false},"excerpt":{"rendered":"<p>Les vignerons Erika Mazer Benoit Guillot Une situation g\u00e9ographique privil\u00e9gi\u00e9e&#8230; Aux portes du massif des Corbi\u00e8res, en plein c\u0153ur de l&rsquo;Occitanie, se trouve le petit village de Paziols (11), habit\u00e9 de Granh\u00f2tas (grenouilles en occitan). C&rsquo;est dans cet \u00e9crin de lumi\u00e8re, dans la vall\u00e9e des hautes Corbi\u00e8res que nos vignes se gorgent de soleil depuis [&hellip;]<\/p>\n","protected":false},"author":1,"featured_media":0,"parent":0,"menu_order":0,"comment_status":"closed","ping_status":"closed","template":"","meta":{"spay_email":"","footnotes":""},"class_list":["post-69","page","type-page","status-publish","hentry"],"_links":{"self":[{"href":"https:\/\/lesgragnotes.com\/index.php\/wp-json\/wp\/v2\/pages\/69","targetHints":{"allow":["GET"]}}],"collection":[{"href":"https:\/\/lesgragnotes.com\/index.php\/wp-json\/wp\/v2\/pages"}],"about":[{"href":"https:\/\/lesgragnotes.com\/index.php\/wp-json\/wp\/v2\/types\/page"}],"author":[{"embeddable":true,"href":"https:\/\/lesgragnotes.com\/index.php\/wp-json\/wp\/v2\/users\/1"}],"replies":[{"embeddable":true,"href":"https:\/\/lesgragnotes.com\/index.php\/wp-json\/wp\/v2\/comments?post=69"}],"version-history":[{"count":3,"href":"https:\/\/lesgragnotes.com\/index.php\/wp-json\/wp\/v2\/pages\/69\/revisions"}],"predecessor-version":[{"id":710,"href":"https:\/\/lesgragnotes.com\/index.php\/wp-json\/wp\/v2\/pages\/69\/revisions\/710"}],"wp:attachment":[{"href":"https:\/\/lesgragnotes.com\/index.php\/wp-json\/wp\/v2\/media?parent=69"}],"curies":[{"name":"wp","href":"https:\/\/api.w.org\/{rel}","templated":true}]}}