{"id":411,"date":"2020-11-29T16:20:49","date_gmt":"2020-11-29T15:20:49","guid":{"rendered":"http:\/\/lesgragnotes.com\/?page_id=411"},"modified":"2025-03-07T16:25:14","modified_gmt":"2025-03-07T15:25:14","slug":"vin-rose-2019","status":"publish","type":"page","link":"https:\/\/lesgragnotes.com\/index.php\/vin-rose-2019\/","title":{"rendered":"Les Ros\u00e9s"},"content":{"rendered":"\n<div class=\"wp-block-columns is-layout-flex wp-container-core-columns-is-layout-28f84493 wp-block-columns-is-layout-flex\">\n<div class=\"wp-block-column is-layout-flow wp-block-column-is-layout-flow\">\n<figure class=\"wp-block-image size-large is-resized\"><img loading=\"lazy\" decoding=\"async\" src=\"http:\/\/lesgragnotes.com\/wp-content\/uploads\/2020\/11\/muse-337x1024.jpg\" alt=\"\" class=\"wp-image-412\" width=\"145\" height=\"441\"\/><\/figure>\n<\/div>\n\n\n\n<div class=\"wp-block-column is-layout-flow wp-block-column-is-layout-flow\">\n<p class=\"has-text-align-center\"><strong><span style=\"text-decoration: underline;\">Muse 2023<\/span><\/strong><\/p>\n\n\n\n<p class=\"has-text-align-center\">Vin de France<br><em>Syrah &#8211; Grenache Noir<\/em><\/p>\n\n\n\n<div class=\"wp-block-file aligncenter\"><a href=\"https:\/\/lesgragnotes.com\/wp-content\/uploads\/2024\/12\/Muse-2023.pdf\" class=\"wp-block-file__button\" download>Fiche Technique<\/a><\/div>\n\n\n\n<div class=\"wp-block-file aligncenter\"><a href=\"https:\/\/lesgragnotes.com\/wp-content\/uploads\/2024\/12\/EN-Muse-2023.pdf\" class=\"wp-block-file__button\" download>Technical Sheet<\/a><\/div>\n<\/div>\n\n\n\n<div class=\"wp-block-column is-layout-flow wp-block-column-is-layout-flow\">\n<p class=\"has-text-align-center\"><strong>D\u00e9gustation&nbsp;:<\/strong> Un ros\u00e9 color\u00e9 au nez de petits fruits rouges m\u00fbrs et de fraise \u00e9cras\u00e9e. L\u00e9g\u00e8rement act\u00e9. Plein de gourmandise pour cette cuv\u00e9e de plaisir imm\u00e9diat, soulign\u00e9e par une acidit\u00e9 mod\u00e9r\u00e9e.<\/p>\n<\/div>\n<\/div>\n\n\n\n<div class=\"wp-block-columns is-layout-flex wp-container-core-columns-is-layout-28f84493 wp-block-columns-is-layout-flex\">\n<div class=\"wp-block-column is-layout-flow wp-block-column-is-layout-flow\">\n<figure class=\"wp-block-image size-large\"><img loading=\"lazy\" decoding=\"async\" width=\"375\" height=\"666\" src=\"https:\/\/lesgragnotes.com\/wp-content\/uploads\/2025\/03\/adelitas-removebg-preview-1.png\" alt=\"\" class=\"wp-image-686\" srcset=\"https:\/\/lesgragnotes.com\/wp-content\/uploads\/2025\/03\/adelitas-removebg-preview-1.png 375w, https:\/\/lesgragnotes.com\/wp-content\/uploads\/2025\/03\/adelitas-removebg-preview-1-169x300.png 169w, https:\/\/lesgragnotes.com\/wp-content\/uploads\/2025\/03\/adelitas-removebg-preview-1-350x622.png 350w\" sizes=\"auto, (max-width: 375px) 100vw, 375px\" \/><\/figure>\n<\/div>\n\n\n\n<div class=\"wp-block-column is-layout-flow wp-block-column-is-layout-flow\">\n<p class=\"has-text-align-center\"><strong><span style=\"text-decoration: underline;\">Las Adelitas 2023<\/span><\/strong><\/p>\n\n\n\n<p class=\"has-text-align-center\">Vin de France<br><em>Carignan<\/em><\/p>\n\n\n\n<div class=\"wp-block-file aligncenter\"><a href=\"https:\/\/lesgragnotes.com\/wp-content\/uploads\/2024\/12\/Adelitas-2023.pdf\" class=\"wp-block-file__button\" download>Fiche Technique<\/a><\/div>\n\n\n\n<div class=\"wp-block-file aligncenter\"><a href=\"https:\/\/lesgragnotes.com\/wp-content\/uploads\/2024\/12\/EN-Adelitas-2023.pdf\" class=\"wp-block-file__button\" download>Technical Sheet<\/a><\/div>\n<\/div>\n\n\n\n<div class=\"wp-block-column is-layout-flow wp-block-column-is-layout-flow\">\n<p class=\"has-text-align-center\"><strong>D\u00e9gustation&nbsp;:<\/strong> Un nez lact\u00e9 et sur les petit fruits rouges, \u00e0 la fois discret. et l\u00e9g\u00e8rement tanique. L\u00e9g\u00e8re amertume, et belle acidit\u00e9 en bouche. Un ros\u00e9 aux teintes l\u00e9g\u00e8rement orang\u00e9es. Il s\u2019associera parfaitement avec les salades ou bien seul \u00e0 l\u2019ap\u00e9ro.<\/p>\n<\/div>\n<\/div>\n\n\n\n<p class=\"has-text-align-center has-foreground-light-color has-text-color has-small-font-size\">La vente d&rsquo;alcool est interdite aux mineures, l&rsquo;abus d&rsquo;alcool est dangereux pour la sant\u00e9, \u00e0 consommer avec mod\u00e9ration.<\/p>\n","protected":false},"excerpt":{"rendered":"<p>Muse 2023 Vin de FranceSyrah &#8211; Grenache Noir D\u00e9gustation&nbsp;: Un ros\u00e9 color\u00e9 au nez de petits fruits rouges m\u00fbrs et de fraise \u00e9cras\u00e9e. L\u00e9g\u00e8rement act\u00e9. Plein de gourmandise pour cette cuv\u00e9e de plaisir imm\u00e9diat, soulign\u00e9e par une acidit\u00e9 mod\u00e9r\u00e9e. Las Adelitas 2023 Vin de FranceCarignan D\u00e9gustation&nbsp;: Un nez lact\u00e9 et sur les petit fruits rouges, [&hellip;]<\/p>\n","protected":false},"author":1,"featured_media":0,"parent":0,"menu_order":0,"comment_status":"closed","ping_status":"closed","template":"","meta":{"spay_email":"","footnotes":""},"class_list":["post-411","page","type-page","status-publish","hentry"],"_links":{"self":[{"href":"https:\/\/lesgragnotes.com\/index.php\/wp-json\/wp\/v2\/pages\/411","targetHints":{"allow":["GET"]}}],"collection":[{"href":"https:\/\/lesgragnotes.com\/index.php\/wp-json\/wp\/v2\/pages"}],"about":[{"href":"https:\/\/lesgragnotes.com\/index.php\/wp-json\/wp\/v2\/types\/page"}],"author":[{"embeddable":true,"href":"https:\/\/lesgragnotes.com\/index.php\/wp-json\/wp\/v2\/users\/1"}],"replies":[{"embeddable":true,"href":"https:\/\/lesgragnotes.com\/index.php\/wp-json\/wp\/v2\/comments?post=411"}],"version-history":[{"count":11,"href":"https:\/\/lesgragnotes.com\/index.php\/wp-json\/wp\/v2\/pages\/411\/revisions"}],"predecessor-version":[{"id":687,"href":"https:\/\/lesgragnotes.com\/index.php\/wp-json\/wp\/v2\/pages\/411\/revisions\/687"}],"wp:attachment":[{"href":"https:\/\/lesgragnotes.com\/index.php\/wp-json\/wp\/v2\/media?parent=411"}],"curies":[{"name":"wp","href":"https:\/\/api.w.org\/{rel}","templated":true}]}}