{"id":407,"date":"2020-11-29T16:08:52","date_gmt":"2020-11-29T15:08:52","guid":{"rendered":"http:\/\/lesgragnotes.com\/?page_id=407"},"modified":"2026-02-23T11:44:57","modified_gmt":"2026-02-23T10:44:57","slug":"vin-blanc-2019","status":"publish","type":"page","link":"https:\/\/lesgragnotes.com\/index.php\/vin-blanc-2019\/","title":{"rendered":"Les Blancs"},"content":{"rendered":"\n<div class=\"wp-block-columns is-layout-flex wp-container-core-columns-is-layout-28f84493 wp-block-columns-is-layout-flex\">\n<div class=\"wp-block-column is-layout-flow wp-block-column-is-layout-flow\">\n<figure class=\"wp-block-image aligncenter size-large is-resized\"><img loading=\"lazy\" decoding=\"async\" width=\"409\" height=\"1024\" src=\"http:\/\/lesgragnotes.com\/wp-content\/uploads\/2020\/11\/Grain-409x1024.jpg\" alt=\"\" class=\"wp-image-409\" srcset=\"https:\/\/lesgragnotes.com\/wp-content\/uploads\/2020\/11\/Grain-409x1024.jpg 409w, https:\/\/lesgragnotes.com\/wp-content\/uploads\/2020\/11\/Grain-350x876.jpg 350w, https:\/\/lesgragnotes.com\/wp-content\/uploads\/2020\/11\/Grain-120x300.jpg 120w, https:\/\/lesgragnotes.com\/wp-content\/uploads\/2020\/11\/Grain.jpg 446w\" sizes=\"auto, (max-width: 409px) 100vw, 409px\" \/><\/figure>\n<\/div>\n\n\n\n<div class=\"wp-block-column is-layout-flow wp-block-column-is-layout-flow\">\n<p class=\"has-text-align-center\"><strong><span style=\"text-decoration: underline;\">Le Grain 2025<\/span><\/strong><\/p>\n\n\n\n<p class=\"has-text-align-center\">Vin de France<br><em>Grenache Gris &#8211; Grenache Blanc &#8211; Maccabeu<\/em><\/p>\n\n\n\n<div class=\"wp-block-file aligncenter\"><a href=\"https:\/\/lesgragnotes.com\/wp-content\/uploads\/2026\/02\/Le-Grain-2025.pdf\" class=\"wp-block-file__button wp-element-button\" download>Fiche Technique<\/a><\/div>\n\n\n\n<div class=\"wp-block-file aligncenter\"><a href=\"https:\/\/lesgragnotes.com\/wp-content\/uploads\/2026\/02\/EN-Le-Grain-2025-1.pdf\" class=\"wp-block-file__button wp-element-button\" download>Technical Sheet<\/a><\/div>\n<\/div>\n\n\n\n<div class=\"wp-block-column is-layout-flow wp-block-column-is-layout-flow\">\n<p class=\"has-text-align-center\"><strong>D\u00e9gustation&nbsp;:<\/strong> D\u2019une belle robe jaune-argent\u00e9e, ce vin vous enchantera par son nez d\u00e9licatement citronn\u00e9 et lact\u00e9. Dynamique et ronde, la bouche est soutenue par une acidit\u00e9 d\u2019agrumes qui r\u00e9veille des ar\u00f4mes de fleurs blanches.<\/p>\n<\/div>\n<\/div>\n\n\n\n<div class=\"wp-block-columns is-layout-flex wp-container-core-columns-is-layout-28f84493 wp-block-columns-is-layout-flex\">\n<div class=\"wp-block-column is-layout-flow wp-block-column-is-layout-flow\">\n<figure class=\"wp-block-image size-medium is-resized\"><img loading=\"lazy\" decoding=\"async\" width=\"300\" height=\"300\" src=\"https:\/\/lesgragnotes.com\/wp-content\/uploads\/2024\/12\/les-gragnotes-xibalta-4-300x300.png\" alt=\"\" class=\"wp-image-651\" style=\"width:300px;height:300px\" srcset=\"https:\/\/lesgragnotes.com\/wp-content\/uploads\/2024\/12\/les-gragnotes-xibalta-4-300x300.png 300w, https:\/\/lesgragnotes.com\/wp-content\/uploads\/2024\/12\/les-gragnotes-xibalta-4-150x150.png 150w, https:\/\/lesgragnotes.com\/wp-content\/uploads\/2024\/12\/les-gragnotes-xibalta-4-350x350.png 350w, https:\/\/lesgragnotes.com\/wp-content\/uploads\/2024\/12\/les-gragnotes-xibalta-4-100x100.png 100w, https:\/\/lesgragnotes.com\/wp-content\/uploads\/2024\/12\/les-gragnotes-xibalta-4.png 540w\" sizes=\"auto, (max-width: 300px) 100vw, 300px\" \/><\/figure>\n<\/div>\n\n\n\n<div class=\"wp-block-column is-layout-flow wp-block-column-is-layout-flow\">\n<p class=\"has-text-align-center\"><strong><span style=\"text-decoration: underline;\">Xibalba 2025<\/span><\/strong><\/p>\n\n\n\n<p class=\"has-text-align-center\">Vin de France<br><em>Grenache Noir<\/em><\/p>\n\n\n\n<div class=\"wp-block-file aligncenter\"><a href=\"https:\/\/lesgragnotes.com\/wp-content\/uploads\/2026\/02\/Xibalba-2025.pdf\" class=\"wp-block-file__button wp-element-button\" download>Fiche Technique<\/a><\/div>\n\n\n\n<div class=\"wp-block-file aligncenter\"><a href=\"https:\/\/lesgragnotes.com\/wp-content\/uploads\/2026\/02\/EN-Xibalba-2025-1.pdf\" class=\"wp-block-file__button wp-element-button\" download>Technical Sheet<\/a><\/div>\n<\/div>\n\n\n\n<div class=\"wp-block-column is-layout-flow wp-block-column-is-layout-flow\">\n<p class=\"has-text-align-center\"><strong>D\u00e9gustation&nbsp;:<\/strong> Blanc de noir \u00e0 la robe claire et l\u00e9g\u00e8rement dor\u00e9e. Nez discret aux notes florales et de miel doux. Expression du Grenache Noir. La bouche est min\u00e9rale avec une acidit\u00e9 pr\u00e9sente qui se marierait parfaitement avec un poisson. L\u2019ensemble est acidul\u00e9, comme un bonbon aux agrumes.<\/p>\n<\/div>\n<\/div>\n\n\n\n<p class=\"has-text-align-center has-foreground-light-color has-text-color has-small-font-size\">La vente d&rsquo;alcool est interdite aux mineures, l&rsquo;abus d&rsquo;alcool est dangereux pour la sant\u00e9, \u00e0 consommer avec mod\u00e9ration.<\/p>\n","protected":false},"excerpt":{"rendered":"<p>Le Grain 2025 Vin de FranceGrenache Gris &#8211; Grenache Blanc &#8211; Maccabeu D\u00e9gustation&nbsp;: D\u2019une belle robe jaune-argent\u00e9e, ce vin vous enchantera par son nez d\u00e9licatement citronn\u00e9 et lact\u00e9. Dynamique et ronde, la bouche est soutenue par une acidit\u00e9 d\u2019agrumes qui r\u00e9veille des ar\u00f4mes de fleurs blanches. Xibalba 2025 Vin de FranceGrenache Noir D\u00e9gustation&nbsp;: Blanc de [&hellip;]<\/p>\n","protected":false},"author":1,"featured_media":0,"parent":0,"menu_order":0,"comment_status":"closed","ping_status":"closed","template":"","meta":{"spay_email":"","footnotes":""},"class_list":["post-407","page","type-page","status-publish","hentry"],"_links":{"self":[{"href":"https:\/\/lesgragnotes.com\/index.php\/wp-json\/wp\/v2\/pages\/407","targetHints":{"allow":["GET"]}}],"collection":[{"href":"https:\/\/lesgragnotes.com\/index.php\/wp-json\/wp\/v2\/pages"}],"about":[{"href":"https:\/\/lesgragnotes.com\/index.php\/wp-json\/wp\/v2\/types\/page"}],"author":[{"embeddable":true,"href":"https:\/\/lesgragnotes.com\/index.php\/wp-json\/wp\/v2\/users\/1"}],"replies":[{"embeddable":true,"href":"https:\/\/lesgragnotes.com\/index.php\/wp-json\/wp\/v2\/comments?post=407"}],"version-history":[{"count":26,"href":"https:\/\/lesgragnotes.com\/index.php\/wp-json\/wp\/v2\/pages\/407\/revisions"}],"predecessor-version":[{"id":739,"href":"https:\/\/lesgragnotes.com\/index.php\/wp-json\/wp\/v2\/pages\/407\/revisions\/739"}],"wp:attachment":[{"href":"https:\/\/lesgragnotes.com\/index.php\/wp-json\/wp\/v2\/media?parent=407"}],"curies":[{"name":"wp","href":"https:\/\/api.w.org\/{rel}","templated":true}]}}