{"id":388,"date":"2020-11-29T15:53:10","date_gmt":"2020-11-29T14:53:10","guid":{"rendered":"http:\/\/lesgragnotes.com\/?page_id=388"},"modified":"2025-12-05T11:19:59","modified_gmt":"2025-12-05T10:19:59","slug":"vins-rouges-2019","status":"publish","type":"page","link":"https:\/\/lesgragnotes.com\/index.php\/vins-rouges-2019\/","title":{"rendered":"Les Rouges"},"content":{"rendered":"\n<div class=\"wp-block-columns is-layout-flex wp-container-core-columns-is-layout-28f84493 wp-block-columns-is-layout-flex\">\n<div class=\"wp-block-column is-layout-flow wp-block-column-is-layout-flow\">\n<figure class=\"wp-block-image aligncenter size-large is-resized\"><img loading=\"lazy\" decoding=\"async\" width=\"303\" height=\"1024\" src=\"http:\/\/lesgragnotes.com\/wp-content\/uploads\/2020\/11\/Sunset-3-303x1024.jpg\" alt=\"\" class=\"wp-image-400\" style=\"width:128px;height:432px\" srcset=\"https:\/\/lesgragnotes.com\/wp-content\/uploads\/2020\/11\/Sunset-3-303x1024.jpg 303w, https:\/\/lesgragnotes.com\/wp-content\/uploads\/2020\/11\/Sunset-3-89x300.jpg 89w, https:\/\/lesgragnotes.com\/wp-content\/uploads\/2020\/11\/Sunset-3.jpg 335w\" sizes=\"auto, (max-width: 303px) 100vw, 303px\" \/><\/figure>\n<\/div>\n\n\n\n<div class=\"wp-block-column is-layout-flow wp-block-column-is-layout-flow\">\n<p class=\"has-text-align-center\"><strong><span style=\"text-decoration: underline;\">Sunset 2024<\/span><\/strong><\/p>\n\n\n\n<p class=\"has-text-align-center\">Vin de France<em><br>Lledoner Pelut &#8211; Grenache Noir<\/em><\/p>\n\n\n\n<div class=\"wp-block-file aligncenter\"><a id=\"wp-block-file--media-f3b764c8-e14f-484b-8cee-06fc77528c60\" href=\"https:\/\/lesgragnotes.com\/wp-content\/uploads\/2025\/12\/Sunset-2024.pdf\">Sunset 2024<\/a><a href=\"https:\/\/lesgragnotes.com\/wp-content\/uploads\/2025\/12\/Sunset-2024.pdf\" class=\"wp-block-file__button wp-element-button\" download aria-describedby=\"wp-block-file--media-f3b764c8-e14f-484b-8cee-06fc77528c60\">Fiche Technique<\/a><\/div>\n\n\n\n<div class=\"wp-block-file aligncenter\"><a href=\"https:\/\/lesgragnotes.com\/wp-content\/uploads\/2024\/12\/EN-Sunset-2023.pdf\" class=\"wp-block-file__button wp-element-button\" download>Technical Sheet<\/a><\/div>\n<\/div>\n\n\n\n<div class=\"wp-block-column is-layout-flow wp-block-column-is-layout-flow\">\n<p class=\"has-text-align-center\"><strong>D\u00e9gustation&nbsp;:<\/strong> Une robe rouge claire qui se rapproche du claret. Vin rouge qui se boit facilement l\u2019\u00e9t\u00e9. Beaucoup de l\u00e9g\u00e8ret\u00e9. Nez gourmand et expressif de fruits rouges, fraise et grenadine. A boire frais. Belle acidit\u00e9 et grande vivacit\u00e9 en bouche.<\/p>\n<\/div>\n<\/div>\n\n\n\n<div class=\"wp-block-columns is-layout-flex wp-container-core-columns-is-layout-28f84493 wp-block-columns-is-layout-flex\">\n<div class=\"wp-block-column is-layout-flow wp-block-column-is-layout-flow\">\n<figure class=\"wp-block-image aligncenter size-large is-resized\"><img loading=\"lazy\" decoding=\"async\" width=\"299\" height=\"1024\" src=\"http:\/\/lesgragnotes.com\/wp-content\/uploads\/2020\/11\/Bourrasque-19-1-299x1024.jpg\" alt=\"\" class=\"wp-image-393\" style=\"width:123px;height:421px\" srcset=\"https:\/\/lesgragnotes.com\/wp-content\/uploads\/2020\/11\/Bourrasque-19-1-299x1024.jpg 299w, https:\/\/lesgragnotes.com\/wp-content\/uploads\/2020\/11\/Bourrasque-19-1-88x300.jpg 88w, https:\/\/lesgragnotes.com\/wp-content\/uploads\/2020\/11\/Bourrasque-19-1.jpg 349w\" sizes=\"auto, (max-width: 299px) 100vw, 299px\" \/><\/figure>\n<\/div>\n\n\n\n<div class=\"wp-block-column is-layout-flow wp-block-column-is-layout-flow\">\n<p class=\"has-text-align-center has-foreground-dark-color has-text-color\"><strong><span style=\"text-decoration: underline;\">Bourrasque 2022<\/span><\/strong><\/p>\n\n\n\n<p class=\"has-text-align-center\">Vin de France<br><em>Syrah<\/em><\/p>\n\n\n\n<div class=\"wp-block-file aligncenter\"><a id=\"wp-block-file--media-80972f2b-e83d-49f2-a48c-d1fabdb8dd62\" href=\"https:\/\/lesgragnotes.com\/wp-content\/uploads\/2025\/12\/Bourrasque-2022-1.pdf\">Bourrasque 2022<\/a><a href=\"https:\/\/lesgragnotes.com\/wp-content\/uploads\/2025\/12\/Bourrasque-2022-1.pdf\" class=\"wp-block-file__button wp-element-button\" download aria-describedby=\"wp-block-file--media-80972f2b-e83d-49f2-a48c-d1fabdb8dd62\">Fiche Technique<\/a><\/div>\n\n\n\n<div class=\"wp-block-file aligncenter\"><a href=\"https:\/\/lesgragnotes.com\/wp-content\/uploads\/2024\/12\/EN-Bourrasque-2022.pdf\" class=\"wp-block-file__button wp-element-button\" download>Technical Sheet<\/a><\/div>\n<\/div>\n\n\n\n<div class=\"wp-block-column is-layout-flow wp-block-column-is-layout-flow\">\n<p class=\"has-text-align-center\"><strong>D\u00e9gustation&nbsp;:<\/strong> Robe couleur griotte aux reflets violets. Un nez sur des notes fruits noirs (cassis, m\u00fbre), des \u00e9pices (poivre blanc et gris. De la puissance et de la mati\u00e8re en bouche. Ar\u00f4mes de cassis bien m\u00fbre, de fraises compot\u00e9es. Des petites touches de tabac et de notes d\u2019\u00e9pices qui apportent du relief. Une belle longueur en bouche avec une jolie finale sur des notes de violette.<\/p>\n<\/div>\n<\/div>\n\n\n\n<div class=\"wp-block-columns is-layout-flex wp-container-core-columns-is-layout-28f84493 wp-block-columns-is-layout-flex\">\n<div class=\"wp-block-column is-layout-flow wp-block-column-is-layout-flow\">\n<figure class=\"wp-block-image aligncenter size-large is-resized\"><img loading=\"lazy\" decoding=\"async\" width=\"393\" height=\"1024\" src=\"http:\/\/lesgragnotes.com\/wp-content\/uploads\/2020\/11\/28-37-19-1-393x1024.jpg\" alt=\"\" class=\"wp-image-401\" style=\"width:123px;height:321px\" srcset=\"https:\/\/lesgragnotes.com\/wp-content\/uploads\/2020\/11\/28-37-19-1-393x1024.jpg 393w, https:\/\/lesgragnotes.com\/wp-content\/uploads\/2020\/11\/28-37-19-1-350x911.jpg 350w, https:\/\/lesgragnotes.com\/wp-content\/uploads\/2020\/11\/28-37-19-1-115x300.jpg 115w, https:\/\/lesgragnotes.com\/wp-content\/uploads\/2020\/11\/28-37-19-1.jpg 439w\" sizes=\"auto, (max-width: 393px) 100vw, 393px\" \/><\/figure>\n<\/div>\n\n\n\n<div class=\"wp-block-column is-layout-flow wp-block-column-is-layout-flow\">\n<p class=\"has-text-align-center\"><span style=\"text-decoration: underline;\"><strong>31\/40 2022<\/strong><\/span><\/p>\n\n\n\n<p class=\"has-text-align-center\">Vin de France<em><br><em>Grenache Noir &#8211; Syrah &#8211; Carignan<\/em><\/em><\/p>\n\n\n\n<div class=\"wp-block-file aligncenter\"><a href=\"https:\/\/lesgragnotes.com\/wp-content\/uploads\/2024\/12\/3140-2022.pdf\" class=\"wp-block-file__button wp-element-button\" download>Fiche Technique<\/a><\/div>\n\n\n\n<div class=\"wp-block-file aligncenter\"><a href=\"https:\/\/lesgragnotes.com\/wp-content\/uploads\/2024\/12\/EN-3140-2022.pdf\" class=\"wp-block-file__button wp-element-button\" download>Technical Sheet<\/a><\/div>\n\n\n\n<p><\/p>\n<\/div>\n\n\n\n<div class=\"wp-block-column is-layout-flow wp-block-column-is-layout-flow\">\n<p class=\"has-text-align-center\">Robe couleur griotte aux reflets violets. Un nez sur des notes fruits noirs (cassis, m\u00fbre), des \u00e9pices (poivre blanc et gris. De la puissance et de la mati\u00e8re en bouche. Ar\u00f4mes de cassis bien m\u00fbre, de fraises compot\u00e9es. Des petites touches de tabac et de notes d\u2019\u00e9pices qui apportent du relief. Une belle longueur en bouche avec une jolie finale sur des notes de violette.<\/p>\n<\/div>\n<\/div>\n\n\n\n<div class=\"wp-block-columns is-layout-flex wp-container-core-columns-is-layout-28f84493 wp-block-columns-is-layout-flex\">\n<div class=\"wp-block-column is-layout-flow wp-block-column-is-layout-flow\">\n<figure class=\"wp-block-image aligncenter size-large is-resized\"><img loading=\"lazy\" decoding=\"async\" width=\"342\" height=\"1024\" src=\"http:\/\/lesgragnotes.com\/wp-content\/uploads\/2020\/11\/Deso-19-1-342x1024.jpg\" alt=\"\" class=\"wp-image-402\" style=\"width:126px;height:377px\" srcset=\"https:\/\/lesgragnotes.com\/wp-content\/uploads\/2020\/11\/Deso-19-1-342x1024.jpg 342w, https:\/\/lesgragnotes.com\/wp-content\/uploads\/2020\/11\/Deso-19-1-350x1048.jpg 350w, https:\/\/lesgragnotes.com\/wp-content\/uploads\/2020\/11\/Deso-19-1-100x300.jpg 100w, https:\/\/lesgragnotes.com\/wp-content\/uploads\/2020\/11\/Deso-19-1.jpg 375w\" sizes=\"auto, (max-width: 342px) 100vw, 342px\" \/><\/figure>\n<\/div>\n\n\n\n<div class=\"wp-block-column is-layout-flow wp-block-column-is-layout-flow\">\n<p class=\"has-text-align-center\"><strong><span style=\"text-decoration: underline;\">D\u00e9sob\u00e9issance 2022<\/span><\/strong><\/p>\n\n\n\n<p class=\"has-text-align-center\">Vin de France<em><em><br><em>90% Carignan &#8211; 10% Grenache Noir<\/em><\/em><\/em><\/p>\n\n\n\n<div class=\"wp-block-file aligncenter\"><a href=\"https:\/\/lesgragnotes.com\/wp-content\/uploads\/2024\/12\/Desobeissance-2022.pdf\" class=\"wp-block-file__button wp-element-button\" download>Fiche Technique<\/a><\/div>\n\n\n\n<div class=\"wp-block-file aligncenter\"><a href=\"https:\/\/lesgragnotes.com\/wp-content\/uploads\/2024\/12\/EN-Desobeissance-2022.pdf\" class=\"wp-block-file__button wp-element-button\" download>Technical Sheet<\/a><\/div>\n<\/div>\n\n\n\n<div class=\"wp-block-column is-layout-flow wp-block-column-is-layout-flow\">\n<p class=\"has-text-align-center\"><strong>D\u00e9gustation&nbsp;:<\/strong> Robe couleur griotte avec des reflets violets. Un nez sur des notes myrtille, m\u00fbre, cassis et \u00e9pices. En bouche on retrouve une belle rondeur, des ar\u00f4mes de cassis et de myrtilles compot\u00e9es. Des tanins relativement soyeux. De petites touches de cuir et de chocolat. Une belle longueur en bouche avec une jolie finale sur le tabac.<\/p>\n<\/div>\n<\/div>\n\n\n\n<div class=\"wp-block-columns is-layout-flex wp-container-core-columns-is-layout-28f84493 wp-block-columns-is-layout-flex\">\n<div class=\"wp-block-column is-layout-flow wp-block-column-is-layout-flow\">\n<figure class=\"wp-block-image aligncenter size-large is-resized is-style-default\"><img loading=\"lazy\" decoding=\"async\" width=\"308\" height=\"1024\" src=\"https:\/\/lesgragnotes.com\/wp-content\/uploads\/2020\/12\/Zapoi-308x1024.jpg\" alt=\"\" class=\"wp-image-533\" style=\"width:125px;height:416px\" srcset=\"https:\/\/lesgragnotes.com\/wp-content\/uploads\/2020\/12\/Zapoi-308x1024.jpg 308w, https:\/\/lesgragnotes.com\/wp-content\/uploads\/2020\/12\/Zapoi-scaled-350x1165.jpg 350w, https:\/\/lesgragnotes.com\/wp-content\/uploads\/2020\/12\/Zapoi-scaled-750x2497.jpg 750w, https:\/\/lesgragnotes.com\/wp-content\/uploads\/2020\/12\/Zapoi-90x300.jpg 90w, https:\/\/lesgragnotes.com\/wp-content\/uploads\/2020\/12\/Zapoi-768x2557.jpg 768w, https:\/\/lesgragnotes.com\/wp-content\/uploads\/2020\/12\/Zapoi-scaled.jpg 769w\" sizes=\"auto, (max-width: 308px) 100vw, 308px\" \/><\/figure>\n<\/div>\n\n\n\n<div class=\"wp-block-column is-layout-flow wp-block-column-is-layout-flow\">\n<p class=\"has-text-align-center\"><strong><span style=\"text-decoration: underline;\">Zapo\u00ef 2022<\/span><\/strong><\/p>\n\n\n\n<p class=\"has-text-align-center\">Vin de France<em><em><em><br>Lledoner Pelut &#8211; Syrah &#8211; Grenache Noir &#8211; Carignan<\/em><\/em><\/em><\/p>\n\n\n\n<div class=\"wp-block-file aligncenter\"><a id=\"wp-block-file--media-3576d254-ff1d-4ab4-b519-453c573b36e5\" href=\"https:\/\/lesgragnotes.com\/wp-content\/uploads\/2025\/12\/Zapoi-2022.pdf\">Zapo\u00ef 2022<\/a><a href=\"https:\/\/lesgragnotes.com\/wp-content\/uploads\/2025\/12\/Zapoi-2022.pdf\" class=\"wp-block-file__button wp-element-button\" download aria-describedby=\"wp-block-file--media-3576d254-ff1d-4ab4-b519-453c573b36e5\">Fiche Technique<\/a><\/div>\n\n\n\n<div class=\"wp-block-file aligncenter\"><a href=\"https:\/\/lesgragnotes.com\/wp-content\/uploads\/2024\/12\/EN-Zapoi-2021.pdf\" class=\"wp-block-file__button wp-element-button\" download>Technical Sheet<\/a><\/div>\n<\/div>\n\n\n\n<div class=\"wp-block-column is-layout-flow wp-block-column-is-layout-flow\">\n<p class=\"has-text-align-center\"><strong>D\u00e9gustation&nbsp;:<\/strong> Robe de couleur rouge rubis aux des reflets violets. Un nez sur les herbes de Provence avec des notes de fruits rouges et noirs. Belle complexit\u00e9 et finesse en bouche. Une bouche tout en rondeur, avec des ar\u00f4mes de fruits m\u00fbrs l\u00e9g\u00e8rement compot\u00e9s, de poivre blanc, de cannelle et notes de cuir. Une belle longueur en bouche avec une finale sur le tabac.<\/p>\n<\/div>\n<\/div>\n\n\n\n<p class=\"has-text-align-center has-foreground-light-color has-text-color has-small-font-size\">La vente d&rsquo;alcool est interdite aux mineures, l&rsquo;abus d&rsquo;alcool est dangereux pour la sant\u00e9, \u00e0 consommer avec mod\u00e9ration.<\/p>\n","protected":false},"excerpt":{"rendered":"<p>Sunset 2024 Vin de FranceLledoner Pelut &#8211; Grenache Noir D\u00e9gustation&nbsp;: Une robe rouge claire qui se rapproche du claret. Vin rouge qui se boit facilement l\u2019\u00e9t\u00e9. Beaucoup de l\u00e9g\u00e8ret\u00e9. Nez gourmand et expressif de fruits rouges, fraise et grenadine. A boire frais. Belle acidit\u00e9 et grande vivacit\u00e9 en bouche. Bourrasque 2022 Vin de FranceSyrah D\u00e9gustation&nbsp;: [&hellip;]<\/p>\n","protected":false},"author":1,"featured_media":0,"parent":0,"menu_order":0,"comment_status":"closed","ping_status":"closed","template":"","meta":{"spay_email":"","footnotes":""},"class_list":["post-388","page","type-page","status-publish","hentry"],"_links":{"self":[{"href":"https:\/\/lesgragnotes.com\/index.php\/wp-json\/wp\/v2\/pages\/388","targetHints":{"allow":["GET"]}}],"collection":[{"href":"https:\/\/lesgragnotes.com\/index.php\/wp-json\/wp\/v2\/pages"}],"about":[{"href":"https:\/\/lesgragnotes.com\/index.php\/wp-json\/wp\/v2\/types\/page"}],"author":[{"embeddable":true,"href":"https:\/\/lesgragnotes.com\/index.php\/wp-json\/wp\/v2\/users\/1"}],"replies":[{"embeddable":true,"href":"https:\/\/lesgragnotes.com\/index.php\/wp-json\/wp\/v2\/comments?post=388"}],"version-history":[{"count":39,"href":"https:\/\/lesgragnotes.com\/index.php\/wp-json\/wp\/v2\/pages\/388\/revisions"}],"predecessor-version":[{"id":728,"href":"https:\/\/lesgragnotes.com\/index.php\/wp-json\/wp\/v2\/pages\/388\/revisions\/728"}],"wp:attachment":[{"href":"https:\/\/lesgragnotes.com\/index.php\/wp-json\/wp\/v2\/media?parent=388"}],"curies":[{"name":"wp","href":"https:\/\/api.w.org\/{rel}","templated":true}]}}